{"id":11035,"date":"2022-06-07T01:29:39","date_gmt":"2022-06-07T01:29:39","guid":{"rendered":"https:\/\/vialuxeegytours.com\/about\/"},"modified":"2025-01-04T16:42:11","modified_gmt":"2025-01-04T16:42:11","slug":"about","status":"publish","type":"page","link":"https:\/\/vialuxeegytours.com\/de\/about\/","title":{"rendered":"\u00dcber"},"content":{"rendered":"\t\t<div data-elementor-type=\"wp-page\" data-elementor-id=\"11035\" class=\"elementor elementor-11035 elementor-297\">\n\t\t\t\t<div class=\"elementor-element elementor-element-2cd506b8 e-flex e-con-boxed elementor-invisible e-con e-parent\" data-id=\"2cd506b8\" data-element_type=\"container\" data-settings=\"{&quot;background_background&quot;:&quot;classic&quot;,&quot;animation&quot;:&quot;fadeIn&quot;}\">\n\t\t\t\t\t<div class=\"e-con-inner\">\n\t\t<div class=\"elementor-element elementor-element-63252405 e-flex e-con-boxed e-con e-child\" data-id=\"63252405\" data-element_type=\"container\">\n\t\t\t\t\t<div class=\"e-con-inner\">\n\t\t\t\t<div class=\"elementor-element elementor-element-368181e elementor-widget__width-initial elementor-widget-tablet__width-inherit animated-slow elementor-invisible elementor-widget elementor-widget-heading\" data-id=\"368181e\" data-element_type=\"widget\" data-settings=\"{&quot;_animation&quot;:&quot;fadeInUp&quot;,&quot;_animation_delay&quot;:200}\" data-widget_type=\"heading.default\">\n\t\t\t\t<div class=\"elementor-widget-container\">\n\t\t\t\t\t<h2 class=\"elementor-heading-title elementor-size-default\">\u00dcber uns  <\/h2>\t\t\t\t<\/div>\n\t\t\t\t<\/div>\n\t\t\t\t\t<\/div>\n\t\t\t\t<\/div>\n\t\t\t\t\t<\/div>\n\t\t\t\t<\/div>\n\t\t\t\t<section class=\"elementor-section elementor-top-section elementor-element elementor-element-d068c9f elementor-section-boxed elementor-section-height-default elementor-section-height-default\" data-id=\"d068c9f\" data-element_type=\"section\">\n\t\t\t\t\t\t<div class=\"elementor-container elementor-column-gap-default\">\n\t\t\t\t\t<div class=\"elementor-column elementor-col-50 elementor-top-column elementor-element elementor-element-5ddf38e8\" data-id=\"5ddf38e8\" data-element_type=\"column\">\n\t\t\t<div class=\"elementor-widget-wrap elementor-element-populated\">\n\t\t\t\t\t\t<section class=\"elementor-section elementor-inner-section elementor-element elementor-element-2cbca34 elementor-section-boxed elementor-section-height-default elementor-section-height-default\" data-id=\"2cbca34\" data-element_type=\"section\" data-settings=\"{&quot;background_background&quot;:&quot;classic&quot;}\">\n\t\t\t\t\t\t<div class=\"elementor-container elementor-column-gap-default\">\n\t\t\t\t\t<div class=\"elementor-column elementor-col-100 elementor-inner-column elementor-element elementor-element-1e95b751\" data-id=\"1e95b751\" data-element_type=\"column\">\n\t\t\t<div class=\"elementor-widget-wrap elementor-element-populated\">\n\t\t\t\t\t\t<div class=\"elementor-element elementor-element-f7c05fb elementor-widget__width-auto elementor-widget elementor-widget-st_button_video_popup\" data-id=\"f7c05fb\" data-element_type=\"widget\" data-settings=\"{&quot;youtube_url&quot;:&quot;https:\\\/\\\/www.youtube.com\\\/watch?v=XHOmBV4js_E&quot;,&quot;video_type&quot;:&quot;youtube&quot;,&quot;yt_privacy&quot;:1,&quot;mute&quot;:1,&quot;loop&quot;:0}\" data-widget_type=\"st_button_video_popup.default\">\n\t\t\t\t<div class=\"elementor-widget-container\">\n\t\t\t\t\t<div class=\"st-button-popup-video default\">\r\n    <button class=\"elementor-custom-embed-image-overlay\" data-elementor-open-lightbox=\"yes\" data-elementor-lightbox=\"{&quot;type&quot;:&quot;video&quot;,&quot;videoType&quot;:&quot;youtube&quot;,&quot;url&quot;:&quot;https:\\\/\\\/www.youtube-nocookie.com\\\/embed\\\/XHOmBV4js_E?feature=oembed&amp;start&amp;end&amp;wmode=opaque&amp;loop=0&amp;mute=1&quot;,&quot;modalOptions&quot;:{&quot;id&quot;:&quot;elementor-lightbox-f7c05fb&quot;,&quot;videoAspectRatio&quot;:&quot;169&quot;}}\"><span class=\"stt-icon-play\"><\/span><\/button>\r\n<\/div>\t\t\t\t<\/div>\n\t\t\t\t<\/div>\n\t\t\t\t\t<\/div>\n\t\t<\/div>\n\t\t\t\t\t<\/div>\n\t\t<\/section>\n\t\t\t\t\t<\/div>\n\t\t<\/div>\n\t\t\t\t<div class=\"elementor-column elementor-col-50 elementor-top-column elementor-element elementor-element-7cb4234\" data-id=\"7cb4234\" data-element_type=\"column\">\n\t\t\t<div class=\"elementor-widget-wrap elementor-element-populated\">\n\t\t\t\t<div class=\"elementor-element elementor-element-f8bee7b e-con-full e-flex e-con e-child\" data-id=\"f8bee7b\" data-element_type=\"container\" data-settings=\"{&quot;background_background&quot;:&quot;classic&quot;}\">\n\t\t\t\t<div class=\"elementor-element elementor-element-b334b42 animated-slow elementor-invisible elementor-widget elementor-widget-image\" data-id=\"b334b42\" data-element_type=\"widget\" data-settings=\"{&quot;_animation&quot;:&quot;fadeInUp&quot;,&quot;_animation_delay&quot;:100}\" data-widget_type=\"image.default\">\n\t\t\t\t<div class=\"elementor-widget-container\">\n\t\t\t\t\t\t\t\t\t\t\t\t\t\t\t<img decoding=\"async\" width=\"200\" height=\"63\" src=\"https:\/\/vialuxeegytours.com\/wp-content\/uploads\/2024\/12\/Asset-3@4x-e1733327581221.png\" class=\"attachment-full size-full wp-image-10169\" alt=\"\" srcset=\"https:\/\/vialuxeegytours.com\/wp-content\/uploads\/2024\/12\/Asset-3@4x-e1733327581221.png 200w, https:\/\/vialuxeegytours.com\/wp-content\/uploads\/2024\/12\/Asset-3@4x-e1733327581221-600x189.png 600w\" sizes=\"(max-width: 200px) 100vw, 200px\" \/>\t\t\t\t\t\t\t\t\t\t\t\t\t\t\t<\/div>\n\t\t\t\t<\/div>\n\t\t\t\t<div class=\"elementor-element elementor-element-8140d59 elementor-widget elementor-widget-text-editor\" data-id=\"8140d59\" data-element_type=\"widget\" data-widget_type=\"text-editor.default\">\n\t\t\t\t<div class=\"elementor-widget-container\">\n\t\t\t\t\t\t\t\t\t<p>Mit mehr als einem Jahrzehnt Erfahrung versprechen wir Ihnen eine unvergessliche Reise, egal ob Sie auf der Suche nach aufregenden Abenteuern sind oder die historischen Sch\u00e4tze \u00c4gyptens erkunden m\u00f6chten.<\/p>\n<ul>\n<li>Fachm\u00e4nnisch geplante Touren und erstklassiger Service.<\/li>\n<li>Ein Team von Fachleuten bietet Ihnen lehrreiche und unterhaltsame Erlebnisse.<\/li>\n<li>-Ma\u00dfgeschneiderte Programme f\u00fcr alle Altersgruppen und Vorlieben.<\/li>\n<li>Konkurrenzf\u00e4hige Preise mit flexiblen Optionen.<\/li>\n<\/ul>\n\t\t\t\t\t\t\t\t<\/div>\n\t\t\t\t<\/div>\n\t\t\t\t<\/div>\n\t\t\t\t\t<\/div>\n\t\t<\/div>\n\t\t\t\t\t<\/div>\n\t\t<\/section>\n\t\t\t\t<section class=\"elementor-section elementor-top-section elementor-element elementor-element-3d74da43 elementor-section-boxed elementor-section-height-default elementor-section-height-default\" data-id=\"3d74da43\" data-element_type=\"section\">\n\t\t\t\t\t\t<div class=\"elementor-container elementor-column-gap-default\">\n\t\t\t\t\t<div class=\"elementor-column elementor-col-100 elementor-top-column elementor-element elementor-element-549440f0\" data-id=\"549440f0\" data-element_type=\"column\">\n\t\t\t<div class=\"elementor-widget-wrap elementor-element-populated\">\n\t\t\t\t\t\t<div class=\"elementor-element elementor-element-19f7f5a3 elementor-widget elementor-widget-heading\" data-id=\"19f7f5a3\" data-element_type=\"widget\" data-widget_type=\"heading.default\">\n\t\t\t\t<div class=\"elementor-widget-container\">\n\t\t\t\t\t<h2 class=\"elementor-heading-title elementor-size-default\">\ud83c\udfaf Warum Vialuxeegyptours w\u00e4hlen?<\/h2>\t\t\t\t<\/div>\n\t\t\t\t<\/div>\n\t\t\t\t\t<\/div>\n\t\t<\/div>\n\t\t\t\t\t<\/div>\n\t\t<\/section>\n\t\t\t\t<section class=\"elementor-section elementor-top-section elementor-element elementor-element-54fd89e9 elementor-section-boxed elementor-section-height-default elementor-section-height-default\" data-id=\"54fd89e9\" data-element_type=\"section\">\n\t\t\t\t\t\t<div class=\"elementor-container elementor-column-gap-default\">\n\t\t\t\t\t<div class=\"elementor-column elementor-col-100 elementor-top-column elementor-element elementor-element-31a8b999\" data-id=\"31a8b999\" data-element_type=\"column\">\n\t\t\t<div class=\"elementor-widget-wrap elementor-element-populated\">\n\t\t\t\t\t\t<div class=\"elementor-element elementor-element-458f1303 elementor-widget elementor-widget-heading\" data-id=\"458f1303\" data-element_type=\"widget\" data-widget_type=\"heading.default\">\n\t\t\t\t<div class=\"elementor-widget-container\">\n\t\t\t\t\t<h2 class=\"elementor-heading-title elementor-size-default\"><span style=\"color:#1A64F9\">Vialuxeegyptours <\/span> Ihr Tor zu unvergesslichen \u00e4gyptischen Abenteuern\n<\/h2>\t\t\t\t<\/div>\n\t\t\t\t<\/div>\n\t\t\t\t<div class=\"elementor-element elementor-element-4b5b2156 elementor-widget elementor-widget-heading\" data-id=\"4b5b2156\" data-element_type=\"widget\" data-widget_type=\"heading.default\">\n\t\t\t\t<div class=\"elementor-widget-container\">\n\t\t\t\t\t<h2 class=\"elementor-heading-title elementor-size-default\">Vialuxeegyptours ist ein f\u00fchrendes Reiseunternehmen, das sich auf die Organisation aller Arten von Reisen in \u00c4gypten spezialisiert hat. Mit \u00fcber 10 Jahren Erfahrung in der Tourismusbranche bieten wir au\u00dfergew\u00f6hnliche Reiseerlebnisse zu Land und zu Wasser. \n<\/h2>\t\t\t\t<\/div>\n\t\t\t\t<\/div>\n\t\t\t\t\t<\/div>\n\t\t<\/div>\n\t\t\t\t\t<\/div>\n\t\t<\/section>\n\t\t<div class=\"elementor-element elementor-element-111701e2 e-flex e-con-boxed e-con e-parent\" data-id=\"111701e2\" data-element_type=\"container\">\n\t\t\t\t\t<div class=\"e-con-inner\">\n\t\t<div class=\"elementor-element elementor-element-61f301c7 e-con-full e-flex e-con e-child\" data-id=\"61f301c7\" data-element_type=\"container\">\n\t\t\t\t<div class=\"elementor-element elementor-element-765458d8 elementor-view-stacked elementor-vertical-align-top elementor-widget elementor-widget-icon-box\" data-id=\"765458d8\" data-element_type=\"widget\" data-widget_type=\"icon-box.default\">\n\t\t\t\t<div class=\"elementor-widget-container\">\n\t\t\t\t\t            <div class=\"elementor-icon-box-wrapper \">\r\n                                                                    <div class=\"elementor-icon-box-content\">\r\n                                       <h3 class=\"elementor-icon-box-title \">\r\n                        <span   style=\"display:block;\">\r\n\r\n                         \ud83c\udf0a Exklusive Meerestouren                        <\/span>\r\n                    <\/h3>\r\n                                            <p class=\"elementor-icon-box-description\">\r\n                            Entdecken Sie die bezaubernde Sch\u00f6nheit des Roten Meeres und des Mittelmeers auf unseren sorgf\u00e4ltig zusammengestellten Seetouren. Genie\u00dfen Sie das Schnorcheln, Schwimmen und Entspannen inmitten einer atemberaubenden Naturlandschaft. \n                        <\/p>\r\n                                    <\/div>\r\n            <\/div>\r\n            \t\t\t\t<\/div>\n\t\t\t\t<\/div>\n\t\t\t\t<\/div>\n\t\t<div class=\"elementor-element elementor-element-487dd788 e-con-full e-flex e-con e-child\" data-id=\"487dd788\" data-element_type=\"container\">\n\t\t\t\t<div class=\"elementor-element elementor-element-7ec790db elementor-view-stacked elementor-vertical-align-top elementor-widget elementor-widget-icon-box\" data-id=\"7ec790db\" data-element_type=\"widget\" data-widget_type=\"icon-box.default\">\n\t\t\t\t<div class=\"elementor-widget-container\">\n\t\t\t\t\t            <div class=\"elementor-icon-box-wrapper \">\r\n                                                                    <div class=\"elementor-icon-box-content\">\r\n                                       <h3 class=\"elementor-icon-box-title \">\r\n                        <span   style=\"display:block;\">\r\n\r\n                           \ud83d\udc3e Spannende Safari-Abenteuer                        <\/span>\r\n                    <\/h3>\r\n                                            <p class=\"elementor-icon-box-description\">\r\n                            Begeben Sie sich auf eine aufregende Safarireise durch goldene W\u00fcsten. Reiten Sie auf Kamelen, fahren Sie \u00fcber Sandd\u00fcnen und tauchen Sie ein in den authentischen Lebensstil der Beduinen. \n                        <\/p>\r\n                                    <\/div>\r\n            <\/div>\r\n            \t\t\t\t<\/div>\n\t\t\t\t<\/div>\n\t\t\t\t<\/div>\n\t\t<div class=\"elementor-element elementor-element-1c9d6604 e-con-full e-flex e-con e-child\" data-id=\"1c9d6604\" data-element_type=\"container\">\n\t\t\t\t<div class=\"elementor-element elementor-element-5daa3e90 elementor-view-stacked elementor-vertical-align-top elementor-widget elementor-widget-icon-box\" data-id=\"5daa3e90\" data-element_type=\"widget\" data-widget_type=\"icon-box.default\">\n\t\t\t\t<div class=\"elementor-widget-container\">\n\t\t\t\t\t            <div class=\"elementor-icon-box-wrapper \">\r\n                                                                    <div class=\"elementor-icon-box-content\">\r\n                                       <h3 class=\"elementor-icon-box-title \">\r\n                        <span   style=\"display:block;\">\r\n\r\n                         \ud83c\udfdb\ufe0f Erkundung der historischen Sehensw\u00fcrdigkeiten                        <\/span>\r\n                    <\/h3>\r\n                                            <p class=\"elementor-icon-box-description\">\r\n                            Besuchen Sie die majest\u00e4tischen Pyramiden, faszinierende antike Tempel und weltber\u00fchmte Museen, die das reiche Erbe \u00c4gyptens pr\u00e4sentieren. Genie\u00dfen Sie gef\u00fchrte Touren, die von professionellen Experten geleitet werden. \n                        <\/p>\r\n                                    <\/div>\r\n            <\/div>\r\n            \t\t\t\t<\/div>\n\t\t\t\t<\/div>\n\t\t\t\t<\/div>\n\t\t\t\t\t<\/div>\n\t\t\t\t<\/div>\n\t\t\t\t<\/div>\n\t\t","protected":false},"excerpt":{"rendered":"<p>\u00dcber uns Mit mehr als einem Jahrzehnt Erfahrung versprechen wir Ihnen eine unvergessliche Reise, egal ob Sie auf der Suche nach aufregenden Abenteuern sind oder die historischen Sch\u00e4tze \u00c4gyptens erkunden m\u00f6chten. Fachm\u00e4nnisch geplante Touren und erstklassiger Service. Ein Team von Fachleuten bietet Ihnen lehrreiche und unterhaltsame Erlebnisse. -Ma\u00dfgeschneiderte Programme f\u00fcr alle Altersgruppen und Vorlieben. Konkurrenzf\u00e4hige [&hellip;]<\/p>\n","protected":false},"author":1,"featured_media":0,"parent":0,"menu_order":0,"comment_status":"closed","ping_status":"closed","template":"template-blank.php","meta":{"footnotes":""},"class_list":["post-11035","page","type-page","status-publish","has-post-thumbnail","hentry"],"yoast_head":"<!-- This site is optimized with the Yoast SEO plugin v24.9 - https:\/\/yoast.com\/wordpress\/plugins\/seo\/ -->\n<title>\u00dcber - vialuxe egy tours<\/title>\n<meta name=\"robots\" content=\"index, follow, max-snippet:-1, max-image-preview:large, max-video-preview:-1\" \/>\n<link rel=\"canonical\" href=\"http:\/\/vialuxeegytours.com\/de\/about\/\" \/>\n<meta property=\"og:locale\" content=\"de_DE\" \/>\n<meta property=\"og:type\" content=\"article\" \/>\n<meta property=\"og:title\" content=\"\u00dcber - vialuxe egy tours\" \/>\n<meta property=\"og:description\" content=\"\u00dcber uns Mit mehr als einem Jahrzehnt Erfahrung versprechen wir Ihnen eine unvergessliche Reise, egal ob Sie auf der Suche nach aufregenden Abenteuern sind oder die historischen Sch\u00e4tze \u00c4gyptens erkunden m\u00f6chten. Fachm\u00e4nnisch geplante Touren und erstklassiger Service. Ein Team von Fachleuten bietet Ihnen lehrreiche und unterhaltsame Erlebnisse. -Ma\u00dfgeschneiderte Programme f\u00fcr alle Altersgruppen und Vorlieben. Konkurrenzf\u00e4hige [&hellip;]\" \/>\n<meta property=\"og:url\" content=\"http:\/\/vialuxeegytours.com\/de\/about\/\" \/>\n<meta property=\"og:site_name\" content=\"vialuxe egy tours\" \/>\n<meta property=\"article:modified_time\" content=\"2025-01-04T16:42:11+00:00\" \/>\n<meta property=\"og:image\" content=\"http:\/\/vialuxeegytours.com\/wp-content\/uploads\/2024\/12\/Asset-3@4x-e1733327581221.png\" \/>\n<meta name=\"twitter:card\" content=\"summary_large_image\" \/>\n<meta name=\"twitter:label1\" content=\"Gesch\u00e4tzte Lesezeit\" \/>\n\t<meta name=\"twitter:data1\" content=\"1\u00a0Minute\" \/>\n<script type=\"application\/ld+json\" class=\"yoast-schema-graph\">{\"@context\":\"https:\/\/schema.org\",\"@graph\":[{\"@type\":\"WebPage\",\"@id\":\"http:\/\/vialuxeegytours.com\/de\/about\/\",\"url\":\"http:\/\/vialuxeegytours.com\/de\/about\/\",\"name\":\"\u00dcber - vialuxe egy tours\",\"isPartOf\":{\"@id\":\"https:\/\/vialuxeegytours.com\/#website\"},\"primaryImageOfPage\":{\"@id\":\"http:\/\/vialuxeegytours.com\/de\/about\/#primaryimage\"},\"image\":{\"@id\":\"http:\/\/vialuxeegytours.com\/de\/about\/#primaryimage\"},\"thumbnailUrl\":\"http:\/\/vialuxeegytours.com\/wp-content\/uploads\/2024\/12\/Asset-3@4x-e1733327581221.png\",\"datePublished\":\"2022-06-07T01:29:39+00:00\",\"dateModified\":\"2025-01-04T16:42:11+00:00\",\"breadcrumb\":{\"@id\":\"http:\/\/vialuxeegytours.com\/de\/about\/#breadcrumb\"},\"inLanguage\":\"de\",\"potentialAction\":[{\"@type\":\"ReadAction\",\"target\":[\"http:\/\/vialuxeegytours.com\/de\/about\/\"]}]},{\"@type\":\"ImageObject\",\"inLanguage\":\"de\",\"@id\":\"http:\/\/vialuxeegytours.com\/de\/about\/#primaryimage\",\"url\":\"http:\/\/vialuxeegytours.com\/wp-content\/uploads\/2024\/12\/Asset-3@4x-e1733327581221.png\",\"contentUrl\":\"http:\/\/vialuxeegytours.com\/wp-content\/uploads\/2024\/12\/Asset-3@4x-e1733327581221.png\"},{\"@type\":\"BreadcrumbList\",\"@id\":\"http:\/\/vialuxeegytours.com\/de\/about\/#breadcrumb\",\"itemListElement\":[{\"@type\":\"ListItem\",\"position\":1,\"name\":\"Home\",\"item\":\"https:\/\/vialuxeegytours.com\/de\/\"},{\"@type\":\"ListItem\",\"position\":2,\"name\":\"\u00dcber\"}]},{\"@type\":\"WebSite\",\"@id\":\"https:\/\/vialuxeegytours.com\/#website\",\"url\":\"https:\/\/vialuxeegytours.com\/\",\"name\":\"vialuxe egy tours\",\"description\":\"\",\"publisher\":{\"@id\":\"https:\/\/vialuxeegytours.com\/#organization\"},\"potentialAction\":[{\"@type\":\"SearchAction\",\"target\":{\"@type\":\"EntryPoint\",\"urlTemplate\":\"https:\/\/vialuxeegytours.com\/?s={search_term_string}\"},\"query-input\":{\"@type\":\"PropertyValueSpecification\",\"valueRequired\":true,\"valueName\":\"search_term_string\"}}],\"inLanguage\":\"de\"},{\"@type\":\"Organization\",\"@id\":\"https:\/\/vialuxeegytours.com\/#organization\",\"name\":\"vialuxe egy tours\",\"url\":\"https:\/\/vialuxeegytours.com\/\",\"logo\":{\"@type\":\"ImageObject\",\"inLanguage\":\"de\",\"@id\":\"https:\/\/vialuxeegytours.com\/#\/schema\/logo\/image\/\",\"url\":\"https:\/\/vialuxeegytours.com\/wp-content\/uploads\/2024\/12\/Asset-3@4x-e1733327581221.png\",\"contentUrl\":\"https:\/\/vialuxeegytours.com\/wp-content\/uploads\/2024\/12\/Asset-3@4x-e1733327581221.png\",\"width\":200,\"height\":63,\"caption\":\"vialuxe egy tours\"},\"image\":{\"@id\":\"https:\/\/vialuxeegytours.com\/#\/schema\/logo\/image\/\"}}]}<\/script>\n<!-- \/ Yoast SEO plugin. -->","yoast_head_json":{"title":"\u00dcber - vialuxe egy tours","robots":{"index":"index","follow":"follow","max-snippet":"max-snippet:-1","max-image-preview":"max-image-preview:large","max-video-preview":"max-video-preview:-1"},"canonical":"http:\/\/vialuxeegytours.com\/de\/about\/","og_locale":"de_DE","og_type":"article","og_title":"\u00dcber - vialuxe egy tours","og_description":"\u00dcber uns Mit mehr als einem Jahrzehnt Erfahrung versprechen wir Ihnen eine unvergessliche Reise, egal ob Sie auf der Suche nach aufregenden Abenteuern sind oder die historischen Sch\u00e4tze \u00c4gyptens erkunden m\u00f6chten. Fachm\u00e4nnisch geplante Touren und erstklassiger Service. Ein Team von Fachleuten bietet Ihnen lehrreiche und unterhaltsame Erlebnisse. -Ma\u00dfgeschneiderte Programme f\u00fcr alle Altersgruppen und Vorlieben. Konkurrenzf\u00e4hige [&hellip;]","og_url":"http:\/\/vialuxeegytours.com\/de\/about\/","og_site_name":"vialuxe egy tours","article_modified_time":"2025-01-04T16:42:11+00:00","og_image":[{"url":"http:\/\/vialuxeegytours.com\/wp-content\/uploads\/2024\/12\/Asset-3@4x-e1733327581221.png","type":"","width":"","height":""}],"twitter_card":"summary_large_image","twitter_misc":{"Gesch\u00e4tzte Lesezeit":"1\u00a0Minute"},"schema":{"@context":"https:\/\/schema.org","@graph":[{"@type":"WebPage","@id":"http:\/\/vialuxeegytours.com\/de\/about\/","url":"http:\/\/vialuxeegytours.com\/de\/about\/","name":"\u00dcber - vialuxe egy tours","isPartOf":{"@id":"https:\/\/vialuxeegytours.com\/#website"},"primaryImageOfPage":{"@id":"http:\/\/vialuxeegytours.com\/de\/about\/#primaryimage"},"image":{"@id":"http:\/\/vialuxeegytours.com\/de\/about\/#primaryimage"},"thumbnailUrl":"http:\/\/vialuxeegytours.com\/wp-content\/uploads\/2024\/12\/Asset-3@4x-e1733327581221.png","datePublished":"2022-06-07T01:29:39+00:00","dateModified":"2025-01-04T16:42:11+00:00","breadcrumb":{"@id":"http:\/\/vialuxeegytours.com\/de\/about\/#breadcrumb"},"inLanguage":"de","potentialAction":[{"@type":"ReadAction","target":["http:\/\/vialuxeegytours.com\/de\/about\/"]}]},{"@type":"ImageObject","inLanguage":"de","@id":"http:\/\/vialuxeegytours.com\/de\/about\/#primaryimage","url":"http:\/\/vialuxeegytours.com\/wp-content\/uploads\/2024\/12\/Asset-3@4x-e1733327581221.png","contentUrl":"http:\/\/vialuxeegytours.com\/wp-content\/uploads\/2024\/12\/Asset-3@4x-e1733327581221.png"},{"@type":"BreadcrumbList","@id":"http:\/\/vialuxeegytours.com\/de\/about\/#breadcrumb","itemListElement":[{"@type":"ListItem","position":1,"name":"Home","item":"https:\/\/vialuxeegytours.com\/de\/"},{"@type":"ListItem","position":2,"name":"\u00dcber"}]},{"@type":"WebSite","@id":"https:\/\/vialuxeegytours.com\/#website","url":"https:\/\/vialuxeegytours.com\/","name":"vialuxe egy tours","description":"","publisher":{"@id":"https:\/\/vialuxeegytours.com\/#organization"},"potentialAction":[{"@type":"SearchAction","target":{"@type":"EntryPoint","urlTemplate":"https:\/\/vialuxeegytours.com\/?s={search_term_string}"},"query-input":{"@type":"PropertyValueSpecification","valueRequired":true,"valueName":"search_term_string"}}],"inLanguage":"de"},{"@type":"Organization","@id":"https:\/\/vialuxeegytours.com\/#organization","name":"vialuxe egy tours","url":"https:\/\/vialuxeegytours.com\/","logo":{"@type":"ImageObject","inLanguage":"de","@id":"https:\/\/vialuxeegytours.com\/#\/schema\/logo\/image\/","url":"https:\/\/vialuxeegytours.com\/wp-content\/uploads\/2024\/12\/Asset-3@4x-e1733327581221.png","contentUrl":"https:\/\/vialuxeegytours.com\/wp-content\/uploads\/2024\/12\/Asset-3@4x-e1733327581221.png","width":200,"height":63,"caption":"vialuxe egy tours"},"image":{"@id":"https:\/\/vialuxeegytours.com\/#\/schema\/logo\/image\/"}}]}},"_links":{"self":[{"href":"https:\/\/vialuxeegytours.com\/de\/wp-json\/wp\/v2\/pages\/11035","targetHints":{"allow":["GET"]}}],"collection":[{"href":"https:\/\/vialuxeegytours.com\/de\/wp-json\/wp\/v2\/pages"}],"about":[{"href":"https:\/\/vialuxeegytours.com\/de\/wp-json\/wp\/v2\/types\/page"}],"author":[{"embeddable":true,"href":"https:\/\/vialuxeegytours.com\/de\/wp-json\/wp\/v2\/users\/1"}],"replies":[{"embeddable":true,"href":"https:\/\/vialuxeegytours.com\/de\/wp-json\/wp\/v2\/comments?post=11035"}],"version-history":[{"count":2,"href":"https:\/\/vialuxeegytours.com\/de\/wp-json\/wp\/v2\/pages\/11035\/revisions"}],"predecessor-version":[{"id":11040,"href":"https:\/\/vialuxeegytours.com\/de\/wp-json\/wp\/v2\/pages\/11035\/revisions\/11040"}],"wp:attachment":[{"href":"https:\/\/vialuxeegytours.com\/de\/wp-json\/wp\/v2\/media?parent=11035"}],"curies":[{"name":"wp","href":"https:\/\/api.w.org\/{rel}","templated":true}]}}