{"id":11038,"date":"2022-06-07T01:29:39","date_gmt":"2022-06-07T01:29:39","guid":{"rendered":"https:\/\/vialuxeegytours.com\/about\/"},"modified":"2025-01-04T16:51:50","modified_gmt":"2025-01-04T16:51:50","slug":"about","status":"publish","type":"page","link":"https:\/\/vialuxeegytours.com\/sk\/about\/","title":{"rendered":"O str\u00e1nke"},"content":{"rendered":"\t\t<div data-elementor-type=\"wp-page\" data-elementor-id=\"11038\" class=\"elementor elementor-11038 elementor-297\">\n\t\t\t\t<div class=\"elementor-element elementor-element-2cd506b8 e-flex e-con-boxed elementor-invisible e-con e-parent\" data-id=\"2cd506b8\" data-element_type=\"container\" data-settings=\"{&quot;background_background&quot;:&quot;classic&quot;,&quot;animation&quot;:&quot;fadeIn&quot;}\">\n\t\t\t\t\t<div class=\"e-con-inner\">\n\t\t<div class=\"elementor-element elementor-element-63252405 e-flex e-con-boxed e-con e-child\" data-id=\"63252405\" data-element_type=\"container\">\n\t\t\t\t\t<div class=\"e-con-inner\">\n\t\t\t\t<div class=\"elementor-element elementor-element-368181e elementor-widget__width-initial elementor-widget-tablet__width-inherit animated-slow elementor-invisible elementor-widget elementor-widget-heading\" data-id=\"368181e\" data-element_type=\"widget\" data-settings=\"{&quot;_animation&quot;:&quot;fadeInUp&quot;,&quot;_animation_delay&quot;:200}\" data-widget_type=\"heading.default\">\n\t\t\t\t<div class=\"elementor-widget-container\">\n\t\t\t\t\t<h2 class=\"elementor-heading-title elementor-size-default\">O n\u00e1s  <\/h2>\t\t\t\t<\/div>\n\t\t\t\t<\/div>\n\t\t\t\t\t<\/div>\n\t\t\t\t<\/div>\n\t\t\t\t\t<\/div>\n\t\t\t\t<\/div>\n\t\t\t\t<section class=\"elementor-section elementor-top-section elementor-element elementor-element-d068c9f elementor-section-boxed elementor-section-height-default elementor-section-height-default\" data-id=\"d068c9f\" data-element_type=\"section\">\n\t\t\t\t\t\t<div class=\"elementor-container elementor-column-gap-default\">\n\t\t\t\t\t<div class=\"elementor-column elementor-col-50 elementor-top-column elementor-element elementor-element-5ddf38e8\" data-id=\"5ddf38e8\" data-element_type=\"column\">\n\t\t\t<div class=\"elementor-widget-wrap elementor-element-populated\">\n\t\t\t\t\t\t<section class=\"elementor-section elementor-inner-section elementor-element elementor-element-2cbca34 elementor-section-boxed elementor-section-height-default elementor-section-height-default\" data-id=\"2cbca34\" data-element_type=\"section\" data-settings=\"{&quot;background_background&quot;:&quot;classic&quot;}\">\n\t\t\t\t\t\t<div class=\"elementor-container elementor-column-gap-default\">\n\t\t\t\t\t<div class=\"elementor-column elementor-col-100 elementor-inner-column elementor-element elementor-element-1e95b751\" data-id=\"1e95b751\" data-element_type=\"column\">\n\t\t\t<div class=\"elementor-widget-wrap elementor-element-populated\">\n\t\t\t\t\t\t<div class=\"elementor-element elementor-element-f7c05fb elementor-widget__width-auto elementor-widget elementor-widget-st_button_video_popup\" data-id=\"f7c05fb\" data-element_type=\"widget\" data-settings=\"{&quot;youtube_url&quot;:&quot;https:\\\/\\\/www.youtube.com\\\/watch?v=XHOmBV4js_E&quot;,&quot;video_type&quot;:&quot;youtube&quot;,&quot;yt_privacy&quot;:1,&quot;mute&quot;:1,&quot;loop&quot;:0}\" data-widget_type=\"st_button_video_popup.default\">\n\t\t\t\t<div class=\"elementor-widget-container\">\n\t\t\t\t\t<div class=\"st-button-popup-video default\">\r\n    <button class=\"elementor-custom-embed-image-overlay\" data-elementor-open-lightbox=\"yes\" data-elementor-lightbox=\"{&quot;type&quot;:&quot;video&quot;,&quot;videoType&quot;:&quot;youtube&quot;,&quot;url&quot;:&quot;https:\\\/\\\/www.youtube-nocookie.com\\\/embed\\\/XHOmBV4js_E?feature=oembed&amp;start&amp;end&amp;wmode=opaque&amp;loop=0&amp;mute=1&quot;,&quot;modalOptions&quot;:{&quot;id&quot;:&quot;elementor-lightbox-f7c05fb&quot;,&quot;videoAspectRatio&quot;:&quot;169&quot;}}\"><span class=\"stt-icon-play\"><\/span><\/button>\r\n<\/div>\t\t\t\t<\/div>\n\t\t\t\t<\/div>\n\t\t\t\t\t<\/div>\n\t\t<\/div>\n\t\t\t\t\t<\/div>\n\t\t<\/section>\n\t\t\t\t\t<\/div>\n\t\t<\/div>\n\t\t\t\t<div class=\"elementor-column elementor-col-50 elementor-top-column elementor-element elementor-element-7cb4234\" data-id=\"7cb4234\" data-element_type=\"column\">\n\t\t\t<div class=\"elementor-widget-wrap elementor-element-populated\">\n\t\t\t\t<div class=\"elementor-element elementor-element-f8bee7b e-con-full e-flex e-con e-child\" data-id=\"f8bee7b\" data-element_type=\"container\" data-settings=\"{&quot;background_background&quot;:&quot;classic&quot;}\">\n\t\t\t\t<div class=\"elementor-element elementor-element-b334b42 animated-slow elementor-invisible elementor-widget elementor-widget-image\" data-id=\"b334b42\" data-element_type=\"widget\" data-settings=\"{&quot;_animation&quot;:&quot;fadeInUp&quot;,&quot;_animation_delay&quot;:100}\" data-widget_type=\"image.default\">\n\t\t\t\t<div class=\"elementor-widget-container\">\n\t\t\t\t\t\t\t\t\t\t\t\t\t\t\t<img decoding=\"async\" width=\"200\" height=\"63\" src=\"https:\/\/vialuxeegytours.com\/wp-content\/uploads\/2024\/12\/Asset-3@4x-e1733327581221.png\" class=\"attachment-full size-full wp-image-10169\" alt=\"\" srcset=\"https:\/\/vialuxeegytours.com\/wp-content\/uploads\/2024\/12\/Asset-3@4x-e1733327581221.png 200w, https:\/\/vialuxeegytours.com\/wp-content\/uploads\/2024\/12\/Asset-3@4x-e1733327581221-600x189.png 600w\" sizes=\"(max-width: 200px) 100vw, 200px\" \/>\t\t\t\t\t\t\t\t\t\t\t\t\t\t\t<\/div>\n\t\t\t\t<\/div>\n\t\t\t\t<div class=\"elementor-element elementor-element-8140d59 elementor-widget elementor-widget-text-editor\" data-id=\"8140d59\" data-element_type=\"widget\" data-widget_type=\"text-editor.default\">\n\t\t\t\t<div class=\"elementor-widget-container\">\n\t\t\t\t\t\t\t\t\t<p>S viac ako desa\u0165ro\u010d\u00edm sk\u00fasenost\u00ed v\u00e1m s\u013eubujeme nezabudnute\u013en\u00fa cestu, \u010di u\u017e h\u013ead\u00e1te vzru\u0161uj\u00face dobrodru\u017estv\u00e1, alebo spozn\u00e1vate historick\u00e9 poklady Egypta.<\/p>\n<ul>\n<li>Odborne napl\u00e1novan\u00e9 prehliadky a \u0161pi\u010dkov\u00e9 slu\u017eby.<\/li>\n<li>T\u00edm profesion\u00e1lov, ktor\u00ed pon\u00fakaj\u00fa vzdel\u00e1vacie a pr\u00edjemn\u00e9 z\u00e1\u017eitky.<\/li>\n<li>-Programy na mieru pre v\u0161etky vekov\u00e9 kateg\u00f3rie a preferencie.<\/li>\n<li>Konkuren\u010dn\u00e9 ceny s flexibiln\u00fdmi mo\u017enos\u0165ami.<\/li>\n<\/ul>\n\t\t\t\t\t\t\t\t<\/div>\n\t\t\t\t<\/div>\n\t\t\t\t<\/div>\n\t\t\t\t\t<\/div>\n\t\t<\/div>\n\t\t\t\t\t<\/div>\n\t\t<\/section>\n\t\t\t\t<section class=\"elementor-section elementor-top-section elementor-element elementor-element-3d74da43 elementor-section-boxed elementor-section-height-default elementor-section-height-default\" data-id=\"3d74da43\" data-element_type=\"section\">\n\t\t\t\t\t\t<div class=\"elementor-container elementor-column-gap-default\">\n\t\t\t\t\t<div class=\"elementor-column elementor-col-100 elementor-top-column elementor-element elementor-element-549440f0\" data-id=\"549440f0\" data-element_type=\"column\">\n\t\t\t<div class=\"elementor-widget-wrap elementor-element-populated\">\n\t\t\t\t\t\t<div class=\"elementor-element elementor-element-19f7f5a3 elementor-widget elementor-widget-heading\" data-id=\"19f7f5a3\" data-element_type=\"widget\" data-widget_type=\"heading.default\">\n\t\t\t\t<div class=\"elementor-widget-container\">\n\t\t\t\t\t<h2 class=\"elementor-heading-title elementor-size-default\">Pre\u010do si vybra\u0165 Vialuxeegyptours?<\/h2>\t\t\t\t<\/div>\n\t\t\t\t<\/div>\n\t\t\t\t\t<\/div>\n\t\t<\/div>\n\t\t\t\t\t<\/div>\n\t\t<\/section>\n\t\t\t\t<section class=\"elementor-section elementor-top-section elementor-element elementor-element-54fd89e9 elementor-section-boxed elementor-section-height-default elementor-section-height-default\" data-id=\"54fd89e9\" data-element_type=\"section\">\n\t\t\t\t\t\t<div class=\"elementor-container elementor-column-gap-default\">\n\t\t\t\t\t<div class=\"elementor-column elementor-col-100 elementor-top-column elementor-element elementor-element-31a8b999\" data-id=\"31a8b999\" data-element_type=\"column\">\n\t\t\t<div class=\"elementor-widget-wrap elementor-element-populated\">\n\t\t\t\t\t\t<div class=\"elementor-element elementor-element-458f1303 elementor-widget elementor-widget-heading\" data-id=\"458f1303\" data-element_type=\"widget\" data-widget_type=\"heading.default\">\n\t\t\t\t<div class=\"elementor-widget-container\">\n\t\t\t\t\t<h2 class=\"elementor-heading-title elementor-size-default\"><span style=\"color:#1A64F9\">Vialuxeegyptours <\/span> Va\u0161a br\u00e1na k nezabudnute\u013en\u00fdm egyptsk\u00fdm dobrodru\u017estv\u00e1m\n<\/h2>\t\t\t\t<\/div>\n\t\t\t\t<\/div>\n\t\t\t\t<div class=\"elementor-element elementor-element-4b5b2156 elementor-widget elementor-widget-heading\" data-id=\"4b5b2156\" data-element_type=\"widget\" data-widget_type=\"heading.default\">\n\t\t\t\t<div class=\"elementor-widget-container\">\n\t\t\t\t\t<h2 class=\"elementor-heading-title elementor-size-default\">Vialuxeegyptours je popredn\u00e1 cestovn\u00e1 spolo\u010dnos\u0165 \u0161pecializuj\u00faca sa na organizovanie v\u0161etk\u00fdch typov z\u00e1jazdov po celom Egypte. S viac ako 10-ro\u010dn\u00fdmi sk\u00fasenos\u0165ami v oblasti cestovn\u00e9ho ruchu poskytujeme v\u00fdnimo\u010dn\u00e9 z\u00e1\u017eitky z cestovania po s\u00fa\u0161i aj po mori.\n<\/h2>\t\t\t\t<\/div>\n\t\t\t\t<\/div>\n\t\t\t\t\t<\/div>\n\t\t<\/div>\n\t\t\t\t\t<\/div>\n\t\t<\/section>\n\t\t<div class=\"elementor-element elementor-element-111701e2 e-flex e-con-boxed e-con e-parent\" data-id=\"111701e2\" data-element_type=\"container\">\n\t\t\t\t\t<div class=\"e-con-inner\">\n\t\t<div class=\"elementor-element elementor-element-61f301c7 e-con-full e-flex e-con e-child\" data-id=\"61f301c7\" data-element_type=\"container\">\n\t\t\t\t<div class=\"elementor-element elementor-element-765458d8 elementor-view-stacked elementor-vertical-align-top elementor-widget elementor-widget-icon-box\" data-id=\"765458d8\" data-element_type=\"widget\" data-widget_type=\"icon-box.default\">\n\t\t\t\t<div class=\"elementor-widget-container\">\n\t\t\t\t\t            <div class=\"elementor-icon-box-wrapper \">\r\n                                                                    <div class=\"elementor-icon-box-content\">\r\n                                       <h3 class=\"elementor-icon-box-title \">\r\n                        <span   style=\"display:block;\">\r\n\r\n                         Exkluz\u00edvne v\u00fdlety na more                        <\/span>\r\n                    <\/h3>\r\n                                            <p class=\"elementor-icon-box-description\">\r\n                            Objavte o\u010daruj\u00face kr\u00e1sy \u010cerven\u00e9ho mora a Stredozemn\u00e9ho mora po\u010das na\u0161ich dobre vybran\u00fdch v\u00fdletov po mori. Vychutnajte si \u0161norchlovanie, pl\u00e1vanie a relax\u00e1ciu uprostred \u00fachvatnej pr\u00edrody.\n                        <\/p>\r\n                                    <\/div>\r\n            <\/div>\r\n            \t\t\t\t<\/div>\n\t\t\t\t<\/div>\n\t\t\t\t<\/div>\n\t\t<div class=\"elementor-element elementor-element-487dd788 e-con-full e-flex e-con e-child\" data-id=\"487dd788\" data-element_type=\"container\">\n\t\t\t\t<div class=\"elementor-element elementor-element-7ec790db elementor-view-stacked elementor-vertical-align-top elementor-widget elementor-widget-icon-box\" data-id=\"7ec790db\" data-element_type=\"widget\" data-widget_type=\"icon-box.default\">\n\t\t\t\t<div class=\"elementor-widget-container\">\n\t\t\t\t\t            <div class=\"elementor-icon-box-wrapper \">\r\n                                                                    <div class=\"elementor-icon-box-content\">\r\n                                       <h3 class=\"elementor-icon-box-title \">\r\n                        <span   style=\"display:block;\">\r\n\r\n                          Vzru\u0161uj\u00face dobrodru\u017estv\u00e1 na safari                        <\/span>\r\n                    <\/h3>\r\n                                            <p class=\"elementor-icon-box-description\">\r\n                            Embark on an exhilarating safari journey through golden deserts. Jazdite na \u0165av\u00e1ch, prech\u00e1dzajte cez pieso\u010dn\u00e9 duny a ponorte sa do autentick\u00e9ho bedu\u00ednskeho \u017eivotn\u00e9ho \u0161t\u00fdlu.\n                        <\/p>\r\n                                    <\/div>\r\n            <\/div>\r\n            \t\t\t\t<\/div>\n\t\t\t\t<\/div>\n\t\t\t\t<\/div>\n\t\t<div class=\"elementor-element elementor-element-1c9d6604 e-con-full e-flex e-con e-child\" data-id=\"1c9d6604\" data-element_type=\"container\">\n\t\t\t\t<div class=\"elementor-element elementor-element-5daa3e90 elementor-view-stacked elementor-vertical-align-top elementor-widget elementor-widget-icon-box\" data-id=\"5daa3e90\" data-element_type=\"widget\" data-widget_type=\"icon-box.default\">\n\t\t\t\t<div class=\"elementor-widget-container\">\n\t\t\t\t\t            <div class=\"elementor-icon-box-wrapper \">\r\n                                                                    <div class=\"elementor-icon-box-content\">\r\n                                       <h3 class=\"elementor-icon-box-title \">\r\n                        <span   style=\"display:block;\">\r\n\r\n                         \ufe0f V\u00fdskum historick\u00fdch pamiatok                        <\/span>\r\n                    <\/h3>\r\n                                            <p class=\"elementor-icon-box-description\">\r\n                            Nav\u0161t\u00edvte majest\u00e1tne pyram\u00eddy, fascinuj\u00face starovek\u00e9 chr\u00e1my a svetozn\u00e1me m\u00faze\u00e1 prezentuj\u00face bohat\u00e9 dedi\u010dstvo Egypta. Vychutnajte si prehliadky so sprievodcom pod veden\u00edm profesion\u00e1lnych odborn\u00edkov.\n                        <\/p>\r\n                                    <\/div>\r\n            <\/div>\r\n            \t\t\t\t<\/div>\n\t\t\t\t<\/div>\n\t\t\t\t<\/div>\n\t\t\t\t\t<\/div>\n\t\t\t\t<\/div>\n\t\t\t\t<\/div>\n\t\t","protected":false},"excerpt":{"rendered":"<p>O n\u00e1s S viac ako desa\u0165ro\u010d\u00edm sk\u00fasenost\u00ed v\u00e1m s\u013eubujeme nezabudnute\u013en\u00fa cestu, \u010di u\u017e h\u013ead\u00e1te vzru\u0161uj\u00face dobrodru\u017estv\u00e1, alebo spozn\u00e1vate historick\u00e9 poklady Egypta. Odborne napl\u00e1novan\u00e9 prehliadky a \u0161pi\u010dkov\u00e9 slu\u017eby. T\u00edm profesion\u00e1lov, ktor\u00ed pon\u00fakaj\u00fa vzdel\u00e1vacie a pr\u00edjemn\u00e9 z\u00e1\u017eitky. -Programy na mieru pre v\u0161etky vekov\u00e9 kateg\u00f3rie a preferencie. Konkuren\u010dn\u00e9 ceny s flexibiln\u00fdmi mo\u017enos\u0165ami. Pre\u010do si vybra\u0165 Vialuxeegyptours? Vialuxeegyptours Va\u0161a [&hellip;]<\/p>\n","protected":false},"author":1,"featured_media":0,"parent":0,"menu_order":0,"comment_status":"closed","ping_status":"closed","template":"template-blank.php","meta":{"footnotes":""},"class_list":["post-11038","page","type-page","status-publish","has-post-thumbnail","hentry"],"yoast_head":"<!-- This site is optimized with the Yoast SEO plugin v24.9 - https:\/\/yoast.com\/wordpress\/plugins\/seo\/ -->\n<title>O str\u00e1nke - vialuxe egy tours<\/title>\n<meta name=\"robots\" content=\"index, follow, max-snippet:-1, max-image-preview:large, max-video-preview:-1\" \/>\n<link rel=\"canonical\" href=\"https:\/\/vialuxeegytours.com\/sk\/about\/\" \/>\n<meta property=\"og:locale\" content=\"sk_SK\" \/>\n<meta property=\"og:type\" content=\"article\" \/>\n<meta property=\"og:title\" content=\"O str\u00e1nke - vialuxe egy tours\" \/>\n<meta property=\"og:description\" content=\"O n\u00e1s S viac ako desa\u0165ro\u010d\u00edm sk\u00fasenost\u00ed v\u00e1m s\u013eubujeme nezabudnute\u013en\u00fa cestu, \u010di u\u017e h\u013ead\u00e1te vzru\u0161uj\u00face dobrodru\u017estv\u00e1, alebo spozn\u00e1vate historick\u00e9 poklady Egypta. Odborne napl\u00e1novan\u00e9 prehliadky a \u0161pi\u010dkov\u00e9 slu\u017eby. T\u00edm profesion\u00e1lov, ktor\u00ed pon\u00fakaj\u00fa vzdel\u00e1vacie a pr\u00edjemn\u00e9 z\u00e1\u017eitky. -Programy na mieru pre v\u0161etky vekov\u00e9 kateg\u00f3rie a preferencie. Konkuren\u010dn\u00e9 ceny s flexibiln\u00fdmi mo\u017enos\u0165ami. Pre\u010do si vybra\u0165 Vialuxeegyptours? Vialuxeegyptours Va\u0161a [&hellip;]\" \/>\n<meta property=\"og:url\" content=\"https:\/\/vialuxeegytours.com\/sk\/about\/\" \/>\n<meta property=\"og:site_name\" content=\"vialuxe egy tours\" \/>\n<meta property=\"article:modified_time\" content=\"2025-01-04T16:51:50+00:00\" \/>\n<meta property=\"og:image\" content=\"http:\/\/vialuxeegytours.com\/wp-content\/uploads\/2024\/12\/Asset-3@4x-e1733327581221.png\" \/>\n<meta name=\"twitter:card\" content=\"summary_large_image\" \/>\n<meta name=\"twitter:label1\" content=\"Predpokladan\u00fd \u010das \u010d\u00edtania\" \/>\n\t<meta name=\"twitter:data1\" content=\"1 min\u00fata\" \/>\n<script type=\"application\/ld+json\" class=\"yoast-schema-graph\">{\"@context\":\"https:\/\/schema.org\",\"@graph\":[{\"@type\":\"WebPage\",\"@id\":\"https:\/\/vialuxeegytours.com\/sk\/about\/\",\"url\":\"https:\/\/vialuxeegytours.com\/sk\/about\/\",\"name\":\"O str\u00e1nke - vialuxe egy tours\",\"isPartOf\":{\"@id\":\"https:\/\/vialuxeegytours.com\/#website\"},\"primaryImageOfPage\":{\"@id\":\"https:\/\/vialuxeegytours.com\/sk\/about\/#primaryimage\"},\"image\":{\"@id\":\"https:\/\/vialuxeegytours.com\/sk\/about\/#primaryimage\"},\"thumbnailUrl\":\"http:\/\/vialuxeegytours.com\/wp-content\/uploads\/2024\/12\/Asset-3@4x-e1733327581221.png\",\"datePublished\":\"2022-06-07T01:29:39+00:00\",\"dateModified\":\"2025-01-04T16:51:50+00:00\",\"breadcrumb\":{\"@id\":\"https:\/\/vialuxeegytours.com\/sk\/about\/#breadcrumb\"},\"inLanguage\":\"sk-SK\",\"potentialAction\":[{\"@type\":\"ReadAction\",\"target\":[\"https:\/\/vialuxeegytours.com\/sk\/about\/\"]}]},{\"@type\":\"ImageObject\",\"inLanguage\":\"sk-SK\",\"@id\":\"https:\/\/vialuxeegytours.com\/sk\/about\/#primaryimage\",\"url\":\"http:\/\/vialuxeegytours.com\/wp-content\/uploads\/2024\/12\/Asset-3@4x-e1733327581221.png\",\"contentUrl\":\"http:\/\/vialuxeegytours.com\/wp-content\/uploads\/2024\/12\/Asset-3@4x-e1733327581221.png\"},{\"@type\":\"BreadcrumbList\",\"@id\":\"https:\/\/vialuxeegytours.com\/sk\/about\/#breadcrumb\",\"itemListElement\":[{\"@type\":\"ListItem\",\"position\":1,\"name\":\"Home\",\"item\":\"https:\/\/vialuxeegytours.com\/sk\/\"},{\"@type\":\"ListItem\",\"position\":2,\"name\":\"O str\u00e1nke\"}]},{\"@type\":\"WebSite\",\"@id\":\"https:\/\/vialuxeegytours.com\/#website\",\"url\":\"https:\/\/vialuxeegytours.com\/\",\"name\":\"vialuxe egy tours\",\"description\":\"\",\"publisher\":{\"@id\":\"https:\/\/vialuxeegytours.com\/#organization\"},\"potentialAction\":[{\"@type\":\"SearchAction\",\"target\":{\"@type\":\"EntryPoint\",\"urlTemplate\":\"https:\/\/vialuxeegytours.com\/?s={search_term_string}\"},\"query-input\":{\"@type\":\"PropertyValueSpecification\",\"valueRequired\":true,\"valueName\":\"search_term_string\"}}],\"inLanguage\":\"sk-SK\"},{\"@type\":\"Organization\",\"@id\":\"https:\/\/vialuxeegytours.com\/#organization\",\"name\":\"vialuxe egy tours\",\"url\":\"https:\/\/vialuxeegytours.com\/\",\"logo\":{\"@type\":\"ImageObject\",\"inLanguage\":\"sk-SK\",\"@id\":\"https:\/\/vialuxeegytours.com\/#\/schema\/logo\/image\/\",\"url\":\"https:\/\/vialuxeegytours.com\/wp-content\/uploads\/2024\/12\/Asset-3@4x-e1733327581221.png\",\"contentUrl\":\"https:\/\/vialuxeegytours.com\/wp-content\/uploads\/2024\/12\/Asset-3@4x-e1733327581221.png\",\"width\":200,\"height\":63,\"caption\":\"vialuxe egy tours\"},\"image\":{\"@id\":\"https:\/\/vialuxeegytours.com\/#\/schema\/logo\/image\/\"}}]}<\/script>\n<!-- \/ Yoast SEO plugin. -->","yoast_head_json":{"title":"O str\u00e1nke - vialuxe egy tours","robots":{"index":"index","follow":"follow","max-snippet":"max-snippet:-1","max-image-preview":"max-image-preview:large","max-video-preview":"max-video-preview:-1"},"canonical":"https:\/\/vialuxeegytours.com\/sk\/about\/","og_locale":"sk_SK","og_type":"article","og_title":"O str\u00e1nke - vialuxe egy tours","og_description":"O n\u00e1s S viac ako desa\u0165ro\u010d\u00edm sk\u00fasenost\u00ed v\u00e1m s\u013eubujeme nezabudnute\u013en\u00fa cestu, \u010di u\u017e h\u013ead\u00e1te vzru\u0161uj\u00face dobrodru\u017estv\u00e1, alebo spozn\u00e1vate historick\u00e9 poklady Egypta. Odborne napl\u00e1novan\u00e9 prehliadky a \u0161pi\u010dkov\u00e9 slu\u017eby. T\u00edm profesion\u00e1lov, ktor\u00ed pon\u00fakaj\u00fa vzdel\u00e1vacie a pr\u00edjemn\u00e9 z\u00e1\u017eitky. -Programy na mieru pre v\u0161etky vekov\u00e9 kateg\u00f3rie a preferencie. Konkuren\u010dn\u00e9 ceny s flexibiln\u00fdmi mo\u017enos\u0165ami. Pre\u010do si vybra\u0165 Vialuxeegyptours? Vialuxeegyptours Va\u0161a [&hellip;]","og_url":"https:\/\/vialuxeegytours.com\/sk\/about\/","og_site_name":"vialuxe egy tours","article_modified_time":"2025-01-04T16:51:50+00:00","og_image":[{"url":"http:\/\/vialuxeegytours.com\/wp-content\/uploads\/2024\/12\/Asset-3@4x-e1733327581221.png","type":"","width":"","height":""}],"twitter_card":"summary_large_image","twitter_misc":{"Predpokladan\u00fd \u010das \u010d\u00edtania":"1 min\u00fata"},"schema":{"@context":"https:\/\/schema.org","@graph":[{"@type":"WebPage","@id":"https:\/\/vialuxeegytours.com\/sk\/about\/","url":"https:\/\/vialuxeegytours.com\/sk\/about\/","name":"O str\u00e1nke - vialuxe egy tours","isPartOf":{"@id":"https:\/\/vialuxeegytours.com\/#website"},"primaryImageOfPage":{"@id":"https:\/\/vialuxeegytours.com\/sk\/about\/#primaryimage"},"image":{"@id":"https:\/\/vialuxeegytours.com\/sk\/about\/#primaryimage"},"thumbnailUrl":"http:\/\/vialuxeegytours.com\/wp-content\/uploads\/2024\/12\/Asset-3@4x-e1733327581221.png","datePublished":"2022-06-07T01:29:39+00:00","dateModified":"2025-01-04T16:51:50+00:00","breadcrumb":{"@id":"https:\/\/vialuxeegytours.com\/sk\/about\/#breadcrumb"},"inLanguage":"sk-SK","potentialAction":[{"@type":"ReadAction","target":["https:\/\/vialuxeegytours.com\/sk\/about\/"]}]},{"@type":"ImageObject","inLanguage":"sk-SK","@id":"https:\/\/vialuxeegytours.com\/sk\/about\/#primaryimage","url":"http:\/\/vialuxeegytours.com\/wp-content\/uploads\/2024\/12\/Asset-3@4x-e1733327581221.png","contentUrl":"http:\/\/vialuxeegytours.com\/wp-content\/uploads\/2024\/12\/Asset-3@4x-e1733327581221.png"},{"@type":"BreadcrumbList","@id":"https:\/\/vialuxeegytours.com\/sk\/about\/#breadcrumb","itemListElement":[{"@type":"ListItem","position":1,"name":"Home","item":"https:\/\/vialuxeegytours.com\/sk\/"},{"@type":"ListItem","position":2,"name":"O str\u00e1nke"}]},{"@type":"WebSite","@id":"https:\/\/vialuxeegytours.com\/#website","url":"https:\/\/vialuxeegytours.com\/","name":"vialuxe egy tours","description":"","publisher":{"@id":"https:\/\/vialuxeegytours.com\/#organization"},"potentialAction":[{"@type":"SearchAction","target":{"@type":"EntryPoint","urlTemplate":"https:\/\/vialuxeegytours.com\/?s={search_term_string}"},"query-input":{"@type":"PropertyValueSpecification","valueRequired":true,"valueName":"search_term_string"}}],"inLanguage":"sk-SK"},{"@type":"Organization","@id":"https:\/\/vialuxeegytours.com\/#organization","name":"vialuxe egy tours","url":"https:\/\/vialuxeegytours.com\/","logo":{"@type":"ImageObject","inLanguage":"sk-SK","@id":"https:\/\/vialuxeegytours.com\/#\/schema\/logo\/image\/","url":"https:\/\/vialuxeegytours.com\/wp-content\/uploads\/2024\/12\/Asset-3@4x-e1733327581221.png","contentUrl":"https:\/\/vialuxeegytours.com\/wp-content\/uploads\/2024\/12\/Asset-3@4x-e1733327581221.png","width":200,"height":63,"caption":"vialuxe egy tours"},"image":{"@id":"https:\/\/vialuxeegytours.com\/#\/schema\/logo\/image\/"}}]}},"_links":{"self":[{"href":"https:\/\/vialuxeegytours.com\/sk\/wp-json\/wp\/v2\/pages\/11038","targetHints":{"allow":["GET"]}}],"collection":[{"href":"https:\/\/vialuxeegytours.com\/sk\/wp-json\/wp\/v2\/pages"}],"about":[{"href":"https:\/\/vialuxeegytours.com\/sk\/wp-json\/wp\/v2\/types\/page"}],"author":[{"embeddable":true,"href":"https:\/\/vialuxeegytours.com\/sk\/wp-json\/wp\/v2\/users\/1"}],"replies":[{"embeddable":true,"href":"https:\/\/vialuxeegytours.com\/sk\/wp-json\/wp\/v2\/comments?post=11038"}],"version-history":[{"count":2,"href":"https:\/\/vialuxeegytours.com\/sk\/wp-json\/wp\/v2\/pages\/11038\/revisions"}],"predecessor-version":[{"id":11046,"href":"https:\/\/vialuxeegytours.com\/sk\/wp-json\/wp\/v2\/pages\/11038\/revisions\/11046"}],"wp:attachment":[{"href":"https:\/\/vialuxeegytours.com\/sk\/wp-json\/wp\/v2\/media?parent=11038"}],"curies":[{"name":"wp","href":"https:\/\/api.w.org\/{rel}","templated":true}]}}